{"id":4641,"date":"2023-07-19T09:33:54","date_gmt":"2023-07-19T09:33:54","guid":{"rendered":"https:\/\/demo2wpopal.b-cdn.net\/rocland\/?page_id=4641"},"modified":"2024-01-03T09:58:29","modified_gmt":"2024-01-03T02:58:29","slug":"our-services","status":"publish","type":"page","link":"https:\/\/rental.huttons.com.vn\/en\/our-services\/","title":{"rendered":"D\u1ecbch v\u1ee5 c\u1ee7a ch\u00fang t\u00f4i"},"content":{"rendered":"<div data-elementor-type=\"wp-page\" data-elementor-id=\"4641\" class=\"elementor elementor-4641\" data-elementor-post-type=\"page\">\n\t\t\t\t<div class=\"elementor-element elementor-element-d946923 e-flex e-con-boxed e-con e-parent\" data-id=\"d946923\" data-element_type=\"container\" data-settings=\"{&quot;jet_parallax_layout_list&quot;:[]}\">\n\t\t\t\t\t<div class=\"e-con-inner\">\n\t\t<div class=\"elementor-element elementor-element-eac7c83 e-con-full e-flex e-con e-child\" data-id=\"eac7c83\" data-element_type=\"container\" data-settings=\"{&quot;jet_parallax_layout_list&quot;:[]}\">\n\t\t\t\t<div class=\"elementor-element elementor-element-aeb7953 elementor-widget elementor-widget-heading\" data-id=\"aeb7953\" data-element_type=\"widget\" data-widget_type=\"heading.default\">\n\t\t\t\t<div class=\"elementor-widget-container\">\n\t\t\t<style>\/*! elementor - v3.21.0 - 26-05-2024 *\/\n.elementor-heading-title{padding:0;margin:0;line-height:1}.elementor-widget-heading .elementor-heading-title[class*=elementor-size-]>a{color:inherit;font-size:inherit;line-height:inherit}.elementor-widget-heading .elementor-heading-title.elementor-size-small{font-size:15px}.elementor-widget-heading .elementor-heading-title.elementor-size-medium{font-size:19px}.elementor-widget-heading .elementor-heading-title.elementor-size-large{font-size:29px}.elementor-widget-heading .elementor-heading-title.elementor-size-xl{font-size:39px}.elementor-widget-heading .elementor-heading-title.elementor-size-xxl{font-size:59px}<\/style><span class=\"elementor-heading-title elementor-size-default\">what we do.<\/span>\t\t<\/div>\n\t\t\t\t<\/div>\n\t\t\t\t<div class=\"elementor-element elementor-element-7eed187 elementor-widget elementor-widget-heading\" data-id=\"7eed187\" data-element_type=\"widget\" data-widget_type=\"heading.default\">\n\t\t\t\t<div class=\"elementor-widget-container\">\n\t\t\t<h2 class=\"elementor-heading-title elementor-size-default\">Ch\u00fang t\u00f4i cung c\u1ea5p c\u00e1c gi\u1ea3i ph\u00e1p b\u1ea5t \u0111\u1ed9ng s\u1ea3n h\u00e0ng \u0111\u1ea7u<\/h2>\t\t<\/div>\n\t\t\t\t<\/div>\n\t\t\t\t<\/div>\n\t\t<div class=\"elementor-element elementor-element-1243f5c e-con-full e-flex e-con e-child\" data-id=\"1243f5c\" data-element_type=\"container\" data-settings=\"{&quot;jet_parallax_layout_list&quot;:[]}\">\n\t\t<div class=\"elementor-element elementor-element-08ca296 e-con-full e-flex e-con e-child\" data-id=\"08ca296\" data-element_type=\"container\" data-settings=\"{&quot;jet_parallax_layout_list&quot;:[]}\">\n\t\t\t\t<div class=\"elementor-element elementor-element-ce99f6c elementor-widget__width-auto elementor-widget elementor-widget-counter\" data-id=\"ce99f6c\" data-element_type=\"widget\" data-widget_type=\"counter.default\">\n\t\t\t\t<div class=\"elementor-widget-container\">\n\t\t\t<style>\/*! elementor - v3.21.0 - 26-05-2024 *\/\n.elementor-counter{display:flex;justify-content:center;align-items:stretch;flex-direction:column-reverse}.elementor-counter .elementor-counter-number{flex-grow:var(--counter-number-grow,0)}.elementor-counter .elementor-counter-number-wrapper{flex:1;display:flex;font-size:69px;font-weight:600;line-height:1;text-align:center}.elementor-counter .elementor-counter-number-prefix{text-align:end;flex-grow:var(--counter-prefix-grow,1);white-space:pre-wrap}.elementor-counter .elementor-counter-number-suffix{text-align:start;flex-grow:var(--counter-suffix-grow,1);white-space:pre-wrap}.elementor-counter .elementor-counter-title{flex:1;display:flex;justify-content:center;align-items:center;margin:0;padding:0;font-size:19px;font-weight:400;line-height:2.5}<\/style>\t\t<div class=\"elementor-counter\">\n\t\t\t\t\t\t<div class=\"elementor-counter-number-wrapper\">\n\t\t\t\t<span class=\"elementor-counter-number-prefix\"><\/span>\n\t\t\t\t<span class=\"elementor-counter-number\" data-duration=\"2000\" data-to-value=\"\" data-from-value=\"0\" data-delimiter=\",\">0<\/span>\n\t\t\t\t<span class=\"elementor-counter-number-suffix\"><\/span>\n\t\t\t<\/div>\n\t\t<\/div>\n\t\t\t\t<\/div>\n\t\t\t\t<\/div>\n\t\t\t\t<div class=\"elementor-element elementor-element-61f241e elementor-widget elementor-widget-heading\" data-id=\"61f241e\" data-element_type=\"widget\" data-widget_type=\"heading.default\">\n\t\t\t\t<div class=\"elementor-widget-container\">\n\t\t\t<h2 class=\"elementor-heading-title elementor-size-default\">n\u0103m kinh nghi\u1ec7m<\/h2>\t\t<\/div>\n\t\t\t\t<\/div>\n\t\t\t\t<\/div>\n\t\t<div class=\"elementor-element elementor-element-ffde3cf e-con-full e-flex e-con e-child\" data-id=\"ffde3cf\" data-element_type=\"container\" data-settings=\"{&quot;jet_parallax_layout_list&quot;:[]}\">\n\t\t\t\t<div class=\"elementor-element elementor-element-aefe4b6 elementor-widget__width-auto elementor-widget elementor-widget-counter\" data-id=\"aefe4b6\" data-element_type=\"widget\" data-widget_type=\"counter.default\">\n\t\t\t\t<div class=\"elementor-widget-container\">\n\t\t\t\t\t<div class=\"elementor-counter\">\n\t\t\t\t\t\t<div class=\"elementor-counter-number-wrapper\">\n\t\t\t\t<span class=\"elementor-counter-number-prefix\"><\/span>\n\t\t\t\t<span class=\"elementor-counter-number\" data-duration=\"2000\" data-to-value=\"98\" data-from-value=\"0\" data-delimiter=\",\">0<\/span>\n\t\t\t\t<span class=\"elementor-counter-number-suffix\">%<\/span>\n\t\t\t<\/div>\n\t\t<\/div>\n\t\t\t\t<\/div>\n\t\t\t\t<\/div>\n\t\t\t\t<div class=\"elementor-element elementor-element-09315ab elementor-widget elementor-widget-heading\" data-id=\"09315ab\" data-element_type=\"widget\" data-widget_type=\"heading.default\">\n\t\t\t\t<div class=\"elementor-widget-container\">\n\t\t\t<h2 class=\"elementor-heading-title elementor-size-default\">kh\u00e1ch h\u00e0ng h\u00e0i l\u00f2ng<\/h2>\t\t<\/div>\n\t\t\t\t<\/div>\n\t\t\t\t<\/div>\n\t\t\t\t<\/div>\n\t\t\t\t\t<\/div>\n\t\t\t\t<\/div>\n\t\t<div class=\"elementor-element elementor-element-9e2d978 e-flex e-con-boxed e-con e-parent\" data-id=\"9e2d978\" data-element_type=\"container\" data-settings=\"{&quot;jet_parallax_layout_list&quot;:[]}\">\n\t\t\t\t\t<div class=\"e-con-inner\">\n\t\t\t\t<div class=\"elementor-element elementor-element-fca71dc elementor-widget-divider--view-line elementor-widget elementor-widget-divider\" data-id=\"fca71dc\" data-element_type=\"widget\" data-widget_type=\"divider.default\">\n\t\t\t\t<div class=\"elementor-widget-container\">\n\t\t\t<style>\/*! elementor - v3.21.0 - 26-05-2024 *\/\n.elementor-widget-divider{--divider-border-style:none;--divider-border-width:1px;--divider-color:#0c0d0e;--divider-icon-size:20px;--divider-element-spacing:10px;--divider-pattern-height:24px;--divider-pattern-size:20px;--divider-pattern-url:none;--divider-pattern-repeat:repeat-x}.elementor-widget-divider .elementor-divider{display:flex}.elementor-widget-divider .elementor-divider__text{font-size:15px;line-height:1;max-width:95%}.elementor-widget-divider .elementor-divider__element{margin:0 var(--divider-element-spacing);flex-shrink:0}.elementor-widget-divider .elementor-icon{font-size:var(--divider-icon-size)}.elementor-widget-divider .elementor-divider-separator{display:flex;margin:0;direction:ltr}.elementor-widget-divider--view-line_icon .elementor-divider-separator,.elementor-widget-divider--view-line_text .elementor-divider-separator{align-items:center}.elementor-widget-divider--view-line_icon .elementor-divider-separator:after,.elementor-widget-divider--view-line_icon .elementor-divider-separator:before,.elementor-widget-divider--view-line_text .elementor-divider-separator:after,.elementor-widget-divider--view-line_text .elementor-divider-separator:before{display:block;content:\"\";border-block-end:0;flex-grow:1;border-block-start:var(--divider-border-width) var(--divider-border-style) var(--divider-color)}.elementor-widget-divider--element-align-left .elementor-divider .elementor-divider-separator>.elementor-divider__svg:first-of-type{flex-grow:0;flex-shrink:100}.elementor-widget-divider--element-align-left .elementor-divider-separator:before{content:none}.elementor-widget-divider--element-align-left .elementor-divider__element{margin-left:0}.elementor-widget-divider--element-align-right .elementor-divider .elementor-divider-separator>.elementor-divider__svg:last-of-type{flex-grow:0;flex-shrink:100}.elementor-widget-divider--element-align-right .elementor-divider-separator:after{content:none}.elementor-widget-divider--element-align-right .elementor-divider__element{margin-right:0}.elementor-widget-divider--element-align-start .elementor-divider .elementor-divider-separator>.elementor-divider__svg:first-of-type{flex-grow:0;flex-shrink:100}.elementor-widget-divider--element-align-start .elementor-divider-separator:before{content:none}.elementor-widget-divider--element-align-start .elementor-divider__element{margin-inline-start:0}.elementor-widget-divider--element-align-end .elementor-divider .elementor-divider-separator>.elementor-divider__svg:last-of-type{flex-grow:0;flex-shrink:100}.elementor-widget-divider--element-align-end .elementor-divider-separator:after{content:none}.elementor-widget-divider--element-align-end .elementor-divider__element{margin-inline-end:0}.elementor-widget-divider:not(.elementor-widget-divider--view-line_text):not(.elementor-widget-divider--view-line_icon) .elementor-divider-separator{border-block-start:var(--divider-border-width) var(--divider-border-style) var(--divider-color)}.elementor-widget-divider--separator-type-pattern{--divider-border-style:none}.elementor-widget-divider--separator-type-pattern.elementor-widget-divider--view-line .elementor-divider-separator,.elementor-widget-divider--separator-type-pattern:not(.elementor-widget-divider--view-line) .elementor-divider-separator:after,.elementor-widget-divider--separator-type-pattern:not(.elementor-widget-divider--view-line) .elementor-divider-separator:before,.elementor-widget-divider--separator-type-pattern:not([class*=elementor-widget-divider--view]) .elementor-divider-separator{width:100%;min-height:var(--divider-pattern-height);-webkit-mask-size:var(--divider-pattern-size) 100%;mask-size:var(--divider-pattern-size) 100%;-webkit-mask-repeat:var(--divider-pattern-repeat);mask-repeat:var(--divider-pattern-repeat);background-color:var(--divider-color);-webkit-mask-image:var(--divider-pattern-url);mask-image:var(--divider-pattern-url)}.elementor-widget-divider--no-spacing{--divider-pattern-size:auto}.elementor-widget-divider--bg-round{--divider-pattern-repeat:round}.rtl .elementor-widget-divider .elementor-divider__text{direction:rtl}.e-con-inner>.elementor-widget-divider,.e-con>.elementor-widget-divider{width:var(--container-widget-width,100%);--flex-grow:var(--container-widget-flex-grow)}<\/style>\t\t<div class=\"elementor-divider\">\n\t\t\t<span class=\"elementor-divider-separator\">\n\t\t\t\t\t\t<\/span>\n\t\t<\/div>\n\t\t\t\t<\/div>\n\t\t\t\t<\/div>\n\t\t\t\t\t<\/div>\n\t\t\t\t<\/div>\n\t\t<div class=\"elementor-element elementor-element-5242343 e-flex e-con-boxed e-con e-parent\" data-id=\"5242343\" data-element_type=\"container\" data-settings=\"{&quot;jet_parallax_layout_list&quot;:[]}\">\n\t\t\t\t\t<div class=\"e-con-inner\">\n\t\t\t\t<div class=\"elementor-element elementor-element-5d371ba elementor-service-style-1 elementor-widget elementor-widget-rocland-services\" data-id=\"5d371ba\" data-element_type=\"widget\" data-widget_type=\"rocland-services.default\">\n\t\t\t\t<div class=\"elementor-widget-container\">\n\t\t\t        <div class=\"elementor-service-wrapper\">\n            <div class=\"d-grid\">\n                                    <div class=\"grid-item\">\n                        <div class=\"service-item service-style-1\">\n    <div class=\"service-inner\">\n        <div class=\"service-post-thumbnail\">\n                            <img fetchpriority=\"high\" decoding=\"async\" width=\"1410\" height=\"680\" src=\"https:\/\/rental.huttons.com.vn\/wp-content\/uploads\/2023\/07\/service_1.jpg\" class=\"attachment-thumbnails size-thumbnails wp-post-image\" alt=\"\" srcset=\"https:\/\/rental.huttons.com.vn\/wp-content\/uploads\/2023\/07\/service_1.jpg 1410w, https:\/\/rental.huttons.com.vn\/wp-content\/uploads\/2023\/07\/service_1-300x145.jpg 300w, https:\/\/rental.huttons.com.vn\/wp-content\/uploads\/2023\/07\/service_1-1024x494.jpg 1024w, https:\/\/rental.huttons.com.vn\/wp-content\/uploads\/2023\/07\/service_1-768x370.jpg 768w\" sizes=\"(max-width: 1410px) 100vw, 1410px\" \/>                    <\/div>\n        <div class=\"service-content\">\n            <img decoding=\"async\" class=\"service-icon\" src=\"https:\/\/demo2wpopal.b-cdn.net\/rocland\/wp-content\/uploads\/2023\/07\/messages.svg\">            <h3 class=\"service-title omega\"><a href=\"https:\/\/rental.huttons.com.vn\/en\/services\/consulting\/\">T\u01b0 v\u1ea5n b\u1ea5t \u0111\u1ed9ng s\u1ea3n<\/a><\/h3>\n            <div class=\"description\">\n                We have a heritage of meeting our clients\u2019 vision and goals for each project, without exception.            <\/div>\n            <a class=\"service-more-link\" href=\"https:\/\/rental.huttons.com.vn\/en\/services\/consulting\/\">Learn More<\/a>\n        <\/div>\n    <\/div>\n<\/div>\n                    <\/div>\n                                        <div class=\"grid-item\">\n                        <div class=\"service-item service-style-1\">\n    <div class=\"service-inner\">\n        <div class=\"service-post-thumbnail\">\n                            <img decoding=\"async\" width=\"1410\" height=\"680\" src=\"https:\/\/rental.huttons.com.vn\/wp-content\/uploads\/2023\/07\/service_4.jpg\" class=\"attachment-thumbnails size-thumbnails wp-post-image\" alt=\"\" srcset=\"https:\/\/rental.huttons.com.vn\/wp-content\/uploads\/2023\/07\/service_4.jpg 1410w, https:\/\/rental.huttons.com.vn\/wp-content\/uploads\/2023\/07\/service_4-300x145.jpg 300w, https:\/\/rental.huttons.com.vn\/wp-content\/uploads\/2023\/07\/service_4-1024x494.jpg 1024w, https:\/\/rental.huttons.com.vn\/wp-content\/uploads\/2023\/07\/service_4-768x370.jpg 768w\" sizes=\"(max-width: 1410px) 100vw, 1410px\" \/>                    <\/div>\n        <div class=\"service-content\">\n            <img decoding=\"async\" class=\"service-icon\" src=\"https:\/\/demo2wpopal.b-cdn.net\/rocland\/wp-content\/uploads\/2023\/07\/house-1.svg\">            <h3 class=\"service-title omega\"><a href=\"https:\/\/rental.huttons.com.vn\/en\/services\/property-management\/\">Qu\u1ea3n l\u00fd t\u00e0i s\u1ea3n<\/a><\/h3>\n            <div class=\"description\">\n                We have a heritage of meeting our clients\u2019 vision and goals for each project, without exception.            <\/div>\n            <a class=\"service-more-link\" href=\"https:\/\/rental.huttons.com.vn\/en\/services\/property-management\/\">Learn More<\/a>\n        <\/div>\n    <\/div>\n<\/div>\n                    <\/div>\n                                        <div class=\"grid-item\">\n                        <div class=\"service-item service-style-1\">\n    <div class=\"service-inner\">\n        <div class=\"service-post-thumbnail\">\n                            <img decoding=\"async\" width=\"1500\" height=\"1000\" src=\"https:\/\/rental.huttons.com.vn\/wp-content\/uploads\/2024\/01\/project-q2-thao-dien-frasers-centrepoint-1.webp\" class=\"attachment-thumbnails size-thumbnails wp-post-image\" alt=\"\" srcset=\"https:\/\/rental.huttons.com.vn\/wp-content\/uploads\/2024\/01\/project-q2-thao-dien-frasers-centrepoint-1.webp 1500w, https:\/\/rental.huttons.com.vn\/wp-content\/uploads\/2024\/01\/project-q2-thao-dien-frasers-centrepoint-1-300x200.webp 300w, https:\/\/rental.huttons.com.vn\/wp-content\/uploads\/2024\/01\/project-q2-thao-dien-frasers-centrepoint-1-1024x683.webp 1024w, https:\/\/rental.huttons.com.vn\/wp-content\/uploads\/2024\/01\/project-q2-thao-dien-frasers-centrepoint-1-768x512.webp 768w, https:\/\/rental.huttons.com.vn\/wp-content\/uploads\/2024\/01\/project-q2-thao-dien-frasers-centrepoint-1-18x12.webp 18w\" sizes=\"(max-width: 1500px) 100vw, 1500px\" \/>                    <\/div>\n        <div class=\"service-content\">\n            <img decoding=\"async\" class=\"service-icon\" src=\"https:\/\/demo2wpopal.b-cdn.net\/rocland\/wp-content\/uploads\/2023\/07\/building-1.svg\">            <h3 class=\"service-title omega\"><a href=\"https:\/\/rental.huttons.com.vn\/en\/services\/new-launches\/\">New property launches<\/a><\/h3>\n            <div class=\"description\">\n                We offer unique financing solutions by utilizing our own capital, resulting in a superior project structure for greater flexibility.            <\/div>\n            <a class=\"service-more-link\" href=\"https:\/\/rental.huttons.com.vn\/en\/services\/new-launches\/\">Learn More<\/a>\n        <\/div>\n    <\/div>\n<\/div>\n                    <\/div>\n                                        <div class=\"grid-item\">\n                        <div class=\"service-item service-style-1\">\n    <div class=\"service-inner\">\n        <div class=\"service-post-thumbnail\">\n                            <img loading=\"lazy\" decoding=\"async\" width=\"1410\" height=\"680\" src=\"https:\/\/rental.huttons.com.vn\/wp-content\/uploads\/2023\/07\/service_3.jpg\" class=\"attachment-thumbnails size-thumbnails wp-post-image\" alt=\"\" srcset=\"https:\/\/rental.huttons.com.vn\/wp-content\/uploads\/2023\/07\/service_3.jpg 1410w, https:\/\/rental.huttons.com.vn\/wp-content\/uploads\/2023\/07\/service_3-300x145.jpg 300w, https:\/\/rental.huttons.com.vn\/wp-content\/uploads\/2023\/07\/service_3-1024x494.jpg 1024w, https:\/\/rental.huttons.com.vn\/wp-content\/uploads\/2023\/07\/service_3-768x370.jpg 768w\" sizes=\"(max-width: 1410px) 100vw, 1410px\" \/>                    <\/div>\n        <div class=\"service-content\">\n            <img decoding=\"async\" class=\"service-icon\" src=\"https:\/\/demo2wpopal.b-cdn.net\/rocland\/wp-content\/uploads\/2023\/07\/wallet-check.svg\">            <h3 class=\"service-title omega\"><a href=\"https:\/\/rental.huttons.com.vn\/en\/services\/property-for-sale\/\">Chuy\u1ec3n nh\u01b0\u1ee3ng b\u1ea5t \u0111\u1ed9ng s\u1ea3n<\/a><\/h3>\n            <div class=\"description\">\n                Our dedicated team provides comprehensive services from concept to delivery.            <\/div>\n            <a class=\"service-more-link\" href=\"https:\/\/rental.huttons.com.vn\/en\/services\/property-for-sale\/\">Learn More<\/a>\n        <\/div>\n    <\/div>\n<\/div>\n                    <\/div>\n                                        <div class=\"grid-item\">\n                        <div class=\"service-item service-style-1\">\n    <div class=\"service-inner\">\n        <div class=\"service-post-thumbnail\">\n                            <img loading=\"lazy\" decoding=\"async\" width=\"1410\" height=\"680\" src=\"https:\/\/rental.huttons.com.vn\/wp-content\/uploads\/2023\/07\/service_2.jpg\" class=\"attachment-thumbnails size-thumbnails wp-post-image\" alt=\"\" srcset=\"https:\/\/rental.huttons.com.vn\/wp-content\/uploads\/2023\/07\/service_2.jpg 1410w, https:\/\/rental.huttons.com.vn\/wp-content\/uploads\/2023\/07\/service_2-300x145.jpg 300w, https:\/\/rental.huttons.com.vn\/wp-content\/uploads\/2023\/07\/service_2-1024x494.jpg 1024w, https:\/\/rental.huttons.com.vn\/wp-content\/uploads\/2023\/07\/service_2-768x370.jpg 768w\" sizes=\"(max-width: 1410px) 100vw, 1410px\" \/>                    <\/div>\n        <div class=\"service-content\">\n            <img decoding=\"async\" class=\"service-icon\" src=\"https:\/\/demo2wpopal.b-cdn.net\/rocland\/wp-content\/uploads\/2023\/07\/3dcube.svg\">            <h3 class=\"service-title omega\"><a href=\"https:\/\/rental.huttons.com.vn\/en\/services\/property-for-lease\/\">Cho thu\u00ea b\u1ea5t \u0111\u1ed9ng s\u1ea3n<\/a><\/h3>\n            <div class=\"description\">\n                We offer unique financing solutions by utilizing our own capital, resulting in a superior project structure for greater flexibility.            <\/div>\n            <a class=\"service-more-link\" href=\"https:\/\/rental.huttons.com.vn\/en\/services\/property-for-lease\/\">Learn More<\/a>\n        <\/div>\n    <\/div>\n<\/div>\n                    <\/div>\n                                <\/div>\n\n        <\/div>\n                \t\t<\/div>\n\t\t\t\t<\/div>\n\t\t\t\t\t<\/div>\n\t\t\t\t<\/div>\n\t\t<div class=\"elementor-element elementor-element-553130a e-flex e-con-boxed e-con e-parent\" data-id=\"553130a\" data-element_type=\"container\" data-settings=\"{&quot;jet_parallax_layout_list&quot;:[]}\">\n\t\t\t\t\t<div class=\"e-con-inner\">\n\t\t<div class=\"elementor-element elementor-element-339f2e6 e-flex e-con-boxed e-con e-child\" data-id=\"339f2e6\" data-element_type=\"container\" data-settings=\"{&quot;background_background&quot;:&quot;classic&quot;,&quot;jet_parallax_layout_list&quot;:[]}\">\n\t\t\t\t\t<div class=\"e-con-inner\">\n\t\t<div class=\"elementor-element elementor-element-4cbf8d1 e-con-full e-flex e-con e-child\" data-id=\"4cbf8d1\" data-element_type=\"container\" data-settings=\"{&quot;jet_parallax_layout_list&quot;:[]}\">\n\t\t\t\t<div class=\"elementor-element elementor-element-42579dc elementor-widget__width-inherit elementor-widget elementor-widget-text-editor\" data-id=\"42579dc\" data-element_type=\"widget\" data-widget_type=\"text-editor.default\">\n\t\t\t\t<div class=\"elementor-widget-container\">\n\t\t\t<style>\/*! elementor - v3.21.0 - 26-05-2024 *\/\n.elementor-widget-text-editor.elementor-drop-cap-view-stacked .elementor-drop-cap{background-color:#69727d;color:#fff}.elementor-widget-text-editor.elementor-drop-cap-view-framed .elementor-drop-cap{color:#69727d;border:3px solid;background-color:transparent}.elementor-widget-text-editor:not(.elementor-drop-cap-view-default) .elementor-drop-cap{margin-top:8px}.elementor-widget-text-editor:not(.elementor-drop-cap-view-default) .elementor-drop-cap-letter{width:1em;height:1em}.elementor-widget-text-editor .elementor-drop-cap{float:left;text-align:center;line-height:1;font-size:50px}.elementor-widget-text-editor .elementor-drop-cap-letter{display:inline-block}<\/style>\t\t\t\twant more.\t\t\t\t\t\t<\/div>\n\t\t\t\t<\/div>\n\t\t\t\t<div class=\"elementor-element elementor-element-f3652d2 elementor-widget__width-inherit elementor-widget elementor-widget-heading\" data-id=\"f3652d2\" data-element_type=\"widget\" data-widget_type=\"heading.default\">\n\t\t\t\t<div class=\"elementor-widget-container\">\n\t\t\t<h2 class=\"elementor-heading-title elementor-size-default\">Speak to our<br> experts<\/h2>\t\t<\/div>\n\t\t\t\t<\/div>\n\t\t\t\t<div class=\"elementor-element elementor-element-819b146 elementor-button-default elementor-widget elementor-widget-button\" data-id=\"819b146\" data-element_type=\"widget\" data-widget_type=\"button.default\">\n\t\t\t\t<div class=\"elementor-widget-container\">\n\t\t\t\t\t<div class=\"elementor-button-wrapper\">\n\t\t\t<a class=\"elementor-button elementor-button-link elementor-size-sm\" href=\"https:\/\/demo2wpopal.b-cdn.net\/rocland\/contact\/\" target=\"_blank\" rel=\"noopener\">\n\t\t\t\t\t\t<span class=\"elementor-button-content-wrapper\">\n\t\t\t\t\t\t\t\t\t<span class=\"elementor-button-text\">contact us<\/span>\n\t\t\t\t\t<\/span>\n\t\t\t\t\t<\/a>\n\t\t<\/div>\n\t\t\t\t<\/div>\n\t\t\t\t<\/div>\n\t\t\t\t<\/div>\n\t\t<div class=\"elementor-element elementor-element-5c95f9e e-con-full e-flex e-con e-child\" data-id=\"5c95f9e\" data-element_type=\"container\" data-settings=\"{&quot;jet_parallax_layout_list&quot;:[]}\">\n\t\t\t\t<div class=\"elementor-element elementor-element-0b4176e elementor-absolute elementor-hidden-mobile elementor-widget elementor-widget-image\" data-id=\"0b4176e\" data-element_type=\"widget\" data-settings=\"{&quot;_position&quot;:&quot;absolute&quot;}\" data-widget_type=\"image.default\">\n\t\t\t\t<div class=\"elementor-widget-container\">\n\t\t\t<style>\/*! elementor - v3.21.0 - 26-05-2024 *\/\n.elementor-widget-image{text-align:center}.elementor-widget-image a{display:inline-block}.elementor-widget-image a img[src$=\".svg\"]{width:48px}.elementor-widget-image img{vertical-align:middle;display:inline-block}<\/style>\t\t\t\t\t\t\t\t\t\t<img loading=\"lazy\" decoding=\"async\" width=\"346\" height=\"547\" src=\"https:\/\/rental.huttons.com.vn\/wp-content\/uploads\/2023\/07\/service_img1.png\" class=\"attachment-full size-full wp-image-4696\" alt=\"\" srcset=\"https:\/\/rental.huttons.com.vn\/wp-content\/uploads\/2023\/07\/service_img1.png 346w, https:\/\/rental.huttons.com.vn\/wp-content\/uploads\/2023\/07\/service_img1-190x300.png 190w\" sizes=\"(max-width: 346px) 100vw, 346px\" \/>\t\t\t\t\t\t\t\t\t\t\t\t\t<\/div>\n\t\t\t\t<\/div>\n\t\t\t\t<\/div>\n\t\t\t\t\t<\/div>\n\t\t\t\t<\/div>\n\t\t\t\t\t<\/div>\n\t\t\t\t<\/div>\n\t\t\t\t<\/div>","protected":false},"excerpt":{"rendered":"<p>what we do. Ch\u00fang t\u00f4i cung c\u1ea5p c\u00e1c gi\u1ea3i ph\u00e1p b\u1ea5t \u0111\u1ed9ng s\u1ea3n h\u00e0ng \u0111\u1ea7u 0 n\u0103m kinh nghi\u1ec7m 0 % kh\u00e1ch h\u00e0ng h\u00e0i l\u00f2ng T\u01b0 v\u1ea5n b\u1ea5t \u0111\u1ed9ng s\u1ea3n We have a heritage of meeting our clients\u2019 vision and goals for each project, without exception. Learn More Qu\u1ea3n l\u00fd t\u00e0i s\u1ea3n We have a [&hellip;]<\/p>","protected":false},"author":1,"featured_media":0,"parent":0,"menu_order":0,"comment_status":"closed","ping_status":"closed","template":"","meta":{"footnotes":""},"class_list":["post-4641","page","type-page","status-publish","hentry"],"_links":{"self":[{"href":"https:\/\/rental.huttons.com.vn\/en\/wp-json\/wp\/v2\/pages\/4641","targetHints":{"allow":["GET"]}}],"collection":[{"href":"https:\/\/rental.huttons.com.vn\/en\/wp-json\/wp\/v2\/pages"}],"about":[{"href":"https:\/\/rental.huttons.com.vn\/en\/wp-json\/wp\/v2\/types\/page"}],"author":[{"embeddable":true,"href":"https:\/\/rental.huttons.com.vn\/en\/wp-json\/wp\/v2\/users\/1"}],"replies":[{"embeddable":true,"href":"https:\/\/rental.huttons.com.vn\/en\/wp-json\/wp\/v2\/comments?post=4641"}],"version-history":[{"count":22,"href":"https:\/\/rental.huttons.com.vn\/en\/wp-json\/wp\/v2\/pages\/4641\/revisions"}],"predecessor-version":[{"id":8039,"href":"https:\/\/rental.huttons.com.vn\/en\/wp-json\/wp\/v2\/pages\/4641\/revisions\/8039"}],"wp:attachment":[{"href":"https:\/\/rental.huttons.com.vn\/en\/wp-json\/wp\/v2\/media?parent=4641"}],"curies":[{"name":"wp","href":"https:\/\/api.w.org\/{rel}","templated":true}]}}